{"id":2197,"date":"2022-11-09T12:20:09","date_gmt":"2022-11-09T11:20:09","guid":{"rendered":"https:\/\/www.lodgeshl.com\/?page_id=2197"},"modified":"2023-02-22T15:18:34","modified_gmt":"2023-02-22T14:18:34","slug":"%d1%80%d0%b5%d0%bb%d0%b0%d0%ba%d1%81%d0%b0%d1%86%d0%b8%d1%8f","status":"publish","type":"page","link":"https:\/\/www.lodgeshl.com\/ru\/%d0%bc%d0%b5%d1%80%d0%b8%d0%b1%d0%b5%d0%bb%d1%8c\/%d1%80%d0%b5%d0%bb%d0%b0%d0%ba%d1%81%d0%b0%d1%86%d0%b8%d1%8f\/","title":{"rendered":"\u0420\u0435\u043b\u0430\u043a\u0441\u0430\u0446\u0438\u044f \u0438 \u043e\u0442\u0434\u044b\u0445"},"content":{"rendered":"<div data-elementor-type=\"wp-page\" data-elementor-id=\"2197\" class=\"elementor elementor-2197\" data-elementor-post-type=\"page\">\n\t\t\t\t\t\t<section class=\"elementor-section elementor-top-section elementor-element elementor-element-08347de elementor-section-full_width elementor-section-height-default elementor-section-height-default\" data-id=\"08347de\" data-element_type=\"section\" data-e-type=\"section\" data-settings=\"{&quot;background_background&quot;:&quot;classic&quot;}\">\n\t\t\t\t\t\t<div class=\"elementor-container elementor-column-gap-default\">\n\t\t\t\t\t<div class=\"elementor-column elementor-col-100 elementor-top-column elementor-element elementor-element-f27e5b6\" data-id=\"f27e5b6\" data-element_type=\"column\" data-e-type=\"column\">\n\t\t\t<div class=\"elementor-widget-wrap elementor-element-populated\">\n\t\t\t\t\t\t<div class=\"elementor-element elementor-element-3d65d18 elementor--h-position-center elementor--v-position-middle elementor-arrows-position-inside elementor-widget elementor-widget-slides\" data-id=\"3d65d18\" data-element_type=\"widget\" data-e-type=\"widget\" data-settings=\"{&quot;navigation&quot;:&quot;arrows&quot;,&quot;transition&quot;:&quot;fade&quot;,&quot;autoplay_speed&quot;:3000,&quot;autoplay&quot;:&quot;yes&quot;,&quot;pause_on_hover&quot;:&quot;yes&quot;,&quot;pause_on_interaction&quot;:&quot;yes&quot;,&quot;infinite&quot;:&quot;yes&quot;,&quot;transition_speed&quot;:500}\" data-widget_type=\"slides.default\">\n\t\t\t\t<div class=\"elementor-widget-container\">\n\t\t\t\t\t\t\t\t\t<div class=\"elementor-swiper\">\n\t\t\t\t\t<div class=\"elementor-slides-wrapper elementor-main-swiper swiper\" role=\"region\" aria-roledescription=\"carousel\" aria-label=\"\u0421\u043b\u0430\u0439\u0434\u044b\" dir=\"ltr\" data-animation=\"\">\n\t\t\t\t<div class=\"swiper-wrapper elementor-slides\">\n\t\t\t\t\t\t\t\t\t\t<div class=\"elementor-repeater-item-85e624e swiper-slide\" role=\"group\" aria-roledescription=\"slide\"><div class=\"swiper-slide-bg\" role=\"img\" aria-label=\"LodgeSHL_Meribel_Salon (26)\"><\/div><div class=\"swiper-slide-inner\" ><div class=\"swiper-slide-contents\"><\/div><\/div><\/div>\t\t\t\t<\/div>\n\t\t\t\t\t\t\t<\/div>\n\t\t\t\t<\/div>\n\t\t\t\t\t\t\t\t<\/div>\n\t\t\t\t<\/div>\n\t\t\t\t\t<\/div>\n\t\t<\/div>\n\t\t\t\t\t<\/div>\n\t\t<\/section>\n\t\t\t\t<section class=\"elementor-section elementor-top-section elementor-element elementor-element-0ba9794 elementor-section-boxed elementor-section-height-default elementor-section-height-default\" data-id=\"0ba9794\" data-element_type=\"section\" data-e-type=\"section\">\n\t\t\t\t\t\t<div class=\"elementor-container elementor-column-gap-default\">\n\t\t\t\t\t<div class=\"elementor-column elementor-col-100 elementor-top-column elementor-element elementor-element-7cf4393\" data-id=\"7cf4393\" data-element_type=\"column\" data-e-type=\"column\">\n\t\t\t<div class=\"elementor-widget-wrap elementor-element-populated\">\n\t\t\t\t\t\t<div class=\"elementor-element elementor-element-91cbe76 elementor-widget elementor-widget-heading\" data-id=\"91cbe76\" data-element_type=\"widget\" data-e-type=\"widget\" data-widget_type=\"heading.default\">\n\t\t\t\t<div class=\"elementor-widget-container\">\n\t\t\t\t\t<h1 class=\"elementor-heading-title elementor-size-default\">\u041d\u0430\u0448\u0438 \u044d\u043a\u0441\u043a\u043b\u044e\u0437\u0438\u0432\u043d\u044b\u0435 \u043c\u0435\u0440\u043e\u043f\u0440\u0438\u044f\u0442\u0438\u044f \u0438 \u0443\u0434\u043e\u0431\u0441\u0442\u0432\u0430<\/h1>\t\t\t\t<\/div>\n\t\t\t\t<\/div>\n\t\t\t\t<div class=\"elementor-element elementor-element-fcecdc9 elementor-widget elementor-widget-text-editor\" data-id=\"fcecdc9\" data-element_type=\"widget\" data-e-type=\"widget\" data-widget_type=\"text-editor.default\">\n\t\t\t\t<div class=\"elementor-widget-container\">\n\t\t\t\t\t\t\t\t\t<p>\u0412 \u043f\u0435\u0440\u0435\u0440\u044b\u0432\u0430\u0445 \u043c\u0435\u0436\u0434\u0443 \u0441\u043d\u0435\u0436\u043d\u044b\u043c\u0438 \u043f\u0440\u0438\u043a\u043b\u044e\u0447\u0435\u043d\u0438\u044f\u043c\u0438 \u0438 \u0437\u0430\u0441\u043b\u0443\u0436\u0435\u043d\u043d\u044b\u043c \u0443\u044e\u0442\u043e\u043c \u0432 \u0441\u0435\u0440\u0434\u0446\u0435 \u0437\u0438\u043c\u044b \u043a\u043e\u043c\u0444\u043e\u0440\u0442 \u0436\u0434\u0435\u0442 \u043c\u043e\u043b\u043e\u0434\u044b\u0445 \u0438 \u0441\u0442\u0430\u0440\u044b\u0445.\u00a0<\/p>\t\t\t\t\t\t\t\t<\/div>\n\t\t\t\t<\/div>\n\t\t\t\t<section class=\"elementor-section elementor-inner-section elementor-element elementor-element-ba9ed89 elementor-section-full_width elementor-section-height-default elementor-section-height-default\" data-id=\"ba9ed89\" data-element_type=\"section\" data-e-type=\"section\">\n\t\t\t\t\t\t<div class=\"elementor-container elementor-column-gap-default\">\n\t\t\t\t\t<div class=\"elementor-column elementor-col-50 elementor-inner-column elementor-element elementor-element-0488681 elementor-invisible\" data-id=\"0488681\" data-element_type=\"column\" data-e-type=\"column\" data-settings=\"{&quot;animation&quot;:&quot;fadeIn&quot;,&quot;animation_delay&quot;:200}\">\n\t\t\t<div class=\"elementor-widget-wrap elementor-element-populated\">\n\t\t\t\t\t\t<div class=\"elementor-element elementor-element-0fbefcd elementor-widget elementor-widget-image\" data-id=\"0fbefcd\" data-element_type=\"widget\" data-e-type=\"widget\" data-widget_type=\"image.default\">\n\t\t\t\t<div class=\"elementor-widget-container\">\n\t\t\t\t\t\t\t\t\t\t\t\t\t\t\t<img fetchpriority=\"high\" decoding=\"async\" width=\"738\" height=\"964\" src=\"https:\/\/www.lodgeshl.com\/wp-content\/uploads\/2023\/02\/LodgeSHL_Meribel_SkiRoom-3-2-e1676914275356.jpg\" class=\"attachment-full size-full wp-image-4665\" alt=\"\" srcset=\"https:\/\/www.lodgeshl.com\/wp-content\/uploads\/2023\/02\/LodgeSHL_Meribel_SkiRoom-3-2-e1676914275356.jpg 738w, https:\/\/www.lodgeshl.com\/wp-content\/uploads\/2023\/02\/LodgeSHL_Meribel_SkiRoom-3-2-e1676914275356-230x300.jpg 230w, https:\/\/www.lodgeshl.com\/wp-content\/uploads\/2023\/02\/LodgeSHL_Meribel_SkiRoom-3-2-e1676914275356-9x12.jpg 9w\" sizes=\"(max-width: 738px) 100vw, 738px\" title=\"\u0424\u043e\u0442\u043e -\">\t\t\t\t\t\t\t\t\t\t\t\t\t\t\t<\/div>\n\t\t\t\t<\/div>\n\t\t\t\t<div class=\"elementor-element elementor-element-7245e4a elementor-widget elementor-widget-heading\" data-id=\"7245e4a\" data-element_type=\"widget\" data-e-type=\"widget\" data-widget_type=\"heading.default\">\n\t\t\t\t<div class=\"elementor-widget-container\">\n\t\t\t\t\t<h2 class=\"elementor-heading-title elementor-size-default\">\u041b\u044b\u0436\u043d\u0430\u044f \u043a\u043e\u043c\u043d\u0430\u0442\u0430<\/h2>\t\t\t\t<\/div>\n\t\t\t\t<\/div>\n\t\t\t\t<div class=\"elementor-element elementor-element-cccbdbb elementor-widget elementor-widget-text-editor\" data-id=\"cccbdbb\" data-element_type=\"widget\" data-e-type=\"widget\" data-widget_type=\"text-editor.default\">\n\t\t\t\t<div class=\"elementor-widget-container\">\n\t\t\t\t\t\t\t\t\t<p>\u0412 \u043b\u043e\u0436\u0435 SHL \u0431\u043b\u0430\u0433\u043e\u043f\u043e\u043b\u0443\u0447\u0438\u0435 \u043d\u0430\u0448\u043b\u043e \u0441\u0432\u043e\u0439 \u0434\u043e\u043c.<\/p><p>\u0412 \u043b\u044b\u0436\u043d\u043e\u0439 \u043a\u043e\u043c\u043d\u0430\u0442\u0435, \u0440\u0430\u0441\u043f\u043e\u043b\u043e\u0436\u0435\u043d\u043d\u043e\u0439 \u0432 \u0441\u0442\u043e\u0440\u043e\u043d\u0435 \u043e\u0442 \u0442\u0440\u0430\u0441\u0441, \u0441\u043e\u0437\u0434\u0430\u043d\u044b \u0432\u0441\u0435 \u0443\u0441\u043b\u043e\u0432\u0438\u044f \u0434\u043b\u044f \u043a\u043e\u043c\u0444\u043e\u0440\u0442\u0430: \u043f\u043e\u0434\u043e\u0433\u0440\u0435\u0432\u0430\u0435\u043c\u043e\u0435 \u0434\u0435\u0440\u0435\u0432\u043e \u0434\u043b\u044f \u0431\u043e\u0442\u0438\u043d\u043e\u043a\/\u043f\u0435\u0440\u0447\u0430\u0442\u043e\u043a \u0438 \u0441\u0442\u0435\u043b\u043b\u0430\u0436 \u0434\u043b\u044f \u043b\u044b\u0436.<\/p><p>\u041c\u044b \u0442\u0430\u043a\u0436\u0435 \u043f\u0440\u0435\u0434\u043b\u0430\u0433\u0430\u0435\u043c \u0441\u043a\u0438-\u043f\u0430\u0441\u0441\u044b, \u043f\u0440\u043e\u043a\u0430\u0442 \u043b\u044b\u0436\u043d\u043e\u0433\u043e \u043e\u0431\u043e\u0440\u0443\u0434\u043e\u0432\u0430\u043d\u0438\u044f, \u0443\u0440\u043e\u043a\u0438 \u043a\u0430\u0442\u0430\u043d\u0438\u044f \u043d\u0430 \u043b\u044b\u0436\u0430\u0445 \u0438 \u044d\u043a\u0441\u043a\u0443\u0440\u0441\u0438\u0438 \u0441 \u0433\u043e\u0440\u043d\u044b\u043c\u0438 \u0433\u0438\u0434\u0430\u043c\u0438, \u0430 \u0442\u0430\u043a\u0436\u0435 \u0443\u0441\u043b\u0443\u0433\u0438 \u043f\u0440\u0430\u0447\u0435\u0447\u043d\u043e\u0439 \u0438 \u0445\u0438\u043c\u0447\u0438\u0441\u0442\u043a\u0438 \u043f\u043e \u0437\u0430\u043f\u0440\u043e\u0441\u0443.<\/p>\t\t\t\t\t\t\t\t<\/div>\n\t\t\t\t<\/div>\n\t\t\t\t\t<\/div>\n\t\t<\/div>\n\t\t\t\t<div class=\"elementor-column elementor-col-50 elementor-inner-column elementor-element elementor-element-ad328f0 elementor-invisible\" data-id=\"ad328f0\" data-element_type=\"column\" data-e-type=\"column\" data-settings=\"{&quot;animation&quot;:&quot;fadeIn&quot;,&quot;animation_delay&quot;:200}\">\n\t\t\t<div class=\"elementor-widget-wrap elementor-element-populated\">\n\t\t\t\t\t\t<div class=\"elementor-element elementor-element-b53ca35 elementor-widget elementor-widget-image\" data-id=\"b53ca35\" data-element_type=\"widget\" data-e-type=\"widget\" data-widget_type=\"image.default\">\n\t\t\t\t<div class=\"elementor-widget-container\">\n\t\t\t\t\t\t\t\t\t\t\t\t\t\t\t<img decoding=\"async\" width=\"1106\" height=\"737\" src=\"https:\/\/www.lodgeshl.com\/wp-content\/uploads\/2023\/02\/LodgeSHL_Meribel_EspaceSpa-3-1.jpg\" class=\"attachment-full size-full wp-image-4669\" alt=\"\" srcset=\"https:\/\/www.lodgeshl.com\/wp-content\/uploads\/2023\/02\/LodgeSHL_Meribel_EspaceSpa-3-1.jpg 1106w, https:\/\/www.lodgeshl.com\/wp-content\/uploads\/2023\/02\/LodgeSHL_Meribel_EspaceSpa-3-1-300x200.jpg 300w, https:\/\/www.lodgeshl.com\/wp-content\/uploads\/2023\/02\/LodgeSHL_Meribel_EspaceSpa-3-1-1024x682.jpg 1024w, https:\/\/www.lodgeshl.com\/wp-content\/uploads\/2023\/02\/LodgeSHL_Meribel_EspaceSpa-3-1-768x512.jpg 768w, https:\/\/www.lodgeshl.com\/wp-content\/uploads\/2023\/02\/LodgeSHL_Meribel_EspaceSpa-3-1-18x12.jpg 18w\" sizes=\"(max-width: 1106px) 100vw, 1106px\" title=\"\u0424\u043e\u0442\u043e -\">\t\t\t\t\t\t\t\t\t\t\t\t\t\t\t<\/div>\n\t\t\t\t<\/div>\n\t\t\t\t<div class=\"elementor-element elementor-element-425b44b elementor-widget elementor-widget-heading\" data-id=\"425b44b\" data-element_type=\"widget\" data-e-type=\"widget\" data-widget_type=\"heading.default\">\n\t\t\t\t<div class=\"elementor-widget-container\">\n\t\t\t\t\t<h2 class=\"elementor-heading-title elementor-size-default\">\u0411\u0430\u0441\u0441\u0435\u0439\u043d \u0438 \u0445\u0430\u043c\u043c\u0430\u043c<\/h2>\t\t\t\t<\/div>\n\t\t\t\t<\/div>\n\t\t\t\t<div class=\"elementor-element elementor-element-501c194 elementor-widget elementor-widget-text-editor\" data-id=\"501c194\" data-element_type=\"widget\" data-e-type=\"widget\" data-widget_type=\"text-editor.default\">\n\t\t\t\t<div class=\"elementor-widget-container\">\n\t\t\t\t\t\t\t\t\t<p>\u041e\u0442\u0434\u043e\u0445\u043d\u0438\u0442\u0435 \u0432 \u0431\u0430\u0441\u0441\u0435\u0439\u043d\u0435 \u0441 \u043f\u0440\u043e\u0442\u0438\u0432\u043e\u0442\u043e\u043a\u043e\u043c, \u043d\u0430\u0441\u043b\u0430\u0434\u0438\u0442\u0435\u0441\u044c \u0445\u0430\u043c\u043c\u0430\u043c\u043e\u043c \u0438 \u0435\u0433\u043e \u043a\u043e\u043c\u043d\u0430\u0442\u043e\u0439 \u043e\u0442\u0434\u044b\u0445\u0430 \u0441 \u0442\u0435\u043b\u0435\u0432\u0438\u0437\u043e\u0440\u043e\u043c \u0441 \u043f\u043b\u043e\u0441\u043a\u0438\u043c \u044d\u043a\u0440\u0430\u043d\u043e\u043c, \u043e\u0431\u0435\u0449\u0430\u044e\u0449\u0438\u043c \u0431\u0435\u0441\u043a\u043e\u043d\u0435\u0447\u043d\u044b\u0435 \u043c\u0438\u043d\u0443\u0442\u044b \u0440\u0435\u043b\u0430\u043a\u0441\u0430\u0446\u0438\u0438.<\/p>\t\t\t\t\t\t\t\t<\/div>\n\t\t\t\t<\/div>\n\t\t\t\t\t<\/div>\n\t\t<\/div>\n\t\t\t\t\t<\/div>\n\t\t<\/section>\n\t\t\t\t<section class=\"elementor-section elementor-inner-section elementor-element elementor-element-ef0166d elementor-section-full_width elementor-section-height-default elementor-section-height-default\" data-id=\"ef0166d\" data-element_type=\"section\" data-e-type=\"section\">\n\t\t\t\t\t\t<div class=\"elementor-container elementor-column-gap-default\">\n\t\t\t\t\t<div class=\"elementor-column elementor-col-100 elementor-inner-column elementor-element elementor-element-d2ca793 elementor-invisible\" data-id=\"d2ca793\" data-element_type=\"column\" data-e-type=\"column\" data-settings=\"{&quot;animation&quot;:&quot;fadeIn&quot;,&quot;animation_delay&quot;:200}\">\n\t\t\t<div class=\"elementor-widget-wrap elementor-element-populated\">\n\t\t\t\t\t\t<div class=\"elementor-element elementor-element-738a4c9 elementor-widget elementor-widget-image\" data-id=\"738a4c9\" data-element_type=\"widget\" data-e-type=\"widget\" data-widget_type=\"image.default\">\n\t\t\t\t<div class=\"elementor-widget-container\">\n\t\t\t\t\t\t\t\t\t\t\t\t\t\t\t<img decoding=\"async\" width=\"1106\" height=\"737\" src=\"https:\/\/www.lodgeshl.com\/wp-content\/uploads\/2023\/02\/LodgeSHL_Meribel_Chambre4de-maitre-5-2.jpg\" class=\"attachment-full size-full wp-image-4673\" alt=\"\" srcset=\"https:\/\/www.lodgeshl.com\/wp-content\/uploads\/2023\/02\/LodgeSHL_Meribel_Chambre4de-maitre-5-2.jpg 1106w, https:\/\/www.lodgeshl.com\/wp-content\/uploads\/2023\/02\/LodgeSHL_Meribel_Chambre4de-maitre-5-2-300x200.jpg 300w, https:\/\/www.lodgeshl.com\/wp-content\/uploads\/2023\/02\/LodgeSHL_Meribel_Chambre4de-maitre-5-2-1024x682.jpg 1024w, https:\/\/www.lodgeshl.com\/wp-content\/uploads\/2023\/02\/LodgeSHL_Meribel_Chambre4de-maitre-5-2-768x512.jpg 768w, https:\/\/www.lodgeshl.com\/wp-content\/uploads\/2023\/02\/LodgeSHL_Meribel_Chambre4de-maitre-5-2-18x12.jpg 18w\" sizes=\"(max-width: 1106px) 100vw, 1106px\" title=\"\u0424\u043e\u0442\u043e -\">\t\t\t\t\t\t\t\t\t\t\t\t\t\t\t<\/div>\n\t\t\t\t<\/div>\n\t\t\t\t<div class=\"elementor-element elementor-element-3d74e93 elementor-widget elementor-widget-heading\" data-id=\"3d74e93\" data-element_type=\"widget\" data-e-type=\"widget\" data-widget_type=\"heading.default\">\n\t\t\t\t<div class=\"elementor-widget-container\">\n\t\t\t\t\t<h2 class=\"elementor-heading-title elementor-size-default\">\u0413\u043b\u0430\u0432\u043d\u0430\u044f - \u041a\u0438\u043d\u043e<\/h2>\t\t\t\t<\/div>\n\t\t\t\t<\/div>\n\t\t\t\t<div class=\"elementor-element elementor-element-ea6a6b4 elementor-widget elementor-widget-text-editor\" data-id=\"ea6a6b4\" data-element_type=\"widget\" data-e-type=\"widget\" data-widget_type=\"text-editor.default\">\n\t\t\t\t<div class=\"elementor-widget-container\">\n\t\t\t\t\t\t\t\t\t<p>\u0412\u0441\u044f \u0441\u0435\u043c\u044c\u044f \u043c\u043e\u0436\u0435\u0442 \u043d\u0430\u0441\u043b\u0430\u0436\u0434\u0430\u0442\u044c\u0441\u044f \u043e\u0431\u0449\u0435\u043d\u0438\u0435\u043c \u0437\u0430 \u043d\u0430\u0441\u0442\u043e\u043b\u044c\u043d\u044b\u043c\u0438 \u0438\u0433\u0440\u0430\u043c\u0438 \u0438\u043b\u0438 \u043f\u0435\u0440\u0435\u0434 \u0447\u0430\u0441\u0442\u043d\u044b\u043c \u0434\u043e\u043c\u0430\u0448\u043d\u0438\u043c \u043a\u0438\u043d\u043e\u0442\u0435\u0430\u0442\u0440\u043e\u043c.<\/p><p>\u0441 \u043e\u0431\u0448\u0438\u0440\u043d\u043e\u0439 \u0431\u0438\u0431\u043b\u0438\u043e\u0442\u0435\u043a\u043e\u0439 DVD.<\/p>\t\t\t\t\t\t\t\t<\/div>\n\t\t\t\t<\/div>\n\t\t\t\t\t<\/div>\n\t\t<\/div>\n\t\t\t\t\t<\/div>\n\t\t<\/section>\n\t\t\t\t\t<\/div>\n\t\t<\/div>\n\t\t\t\t\t<\/div>\n\t\t<\/section>\n\t\t\t\t<\/div>","protected":false},"excerpt":{"rendered":"<p>Nos activit\u00e9s &amp; \u00e9quipements exclusifs Entre aventures enneig\u00e9es et moments cocooning bien m\u00e9rit\u00e9s, le r\u00e9confort attend petits et grands au c\u0153ur de l&rsquo;hiver.\u00a0 Ski-room Au Lodge SHL, le bien-\u00eatre a trouv\u00e9 son refuge. De retour des pistes, la ski-room vous offre tout le confort dont vous pourriez r\u00eaver : arbre chauffant \u00e0 chaussures\/gants et r\u00e2telier [&hellip;]<\/p>\n","protected":false},"author":11,"featured_media":0,"parent":728,"menu_order":0,"comment_status":"closed","ping_status":"closed","template":"","meta":{"inline_featured_image":false,"footnotes":""},"class_list":["post-2197","page","type-page","status-publish","hentry"],"_links":{"self":[{"href":"https:\/\/www.lodgeshl.com\/ru\/wp-json\/wp\/v2\/pages\/2197","targetHints":{"allow":["GET"]}}],"collection":[{"href":"https:\/\/www.lodgeshl.com\/ru\/wp-json\/wp\/v2\/pages"}],"about":[{"href":"https:\/\/www.lodgeshl.com\/ru\/wp-json\/wp\/v2\/types\/page"}],"author":[{"embeddable":true,"href":"https:\/\/www.lodgeshl.com\/ru\/wp-json\/wp\/v2\/users\/11"}],"replies":[{"embeddable":true,"href":"https:\/\/www.lodgeshl.com\/ru\/wp-json\/wp\/v2\/comments?post=2197"}],"version-history":[{"count":109,"href":"https:\/\/www.lodgeshl.com\/ru\/wp-json\/wp\/v2\/pages\/2197\/revisions"}],"predecessor-version":[{"id":4762,"href":"https:\/\/www.lodgeshl.com\/ru\/wp-json\/wp\/v2\/pages\/2197\/revisions\/4762"}],"up":[{"embeddable":true,"href":"https:\/\/www.lodgeshl.com\/ru\/wp-json\/wp\/v2\/pages\/728"}],"wp:attachment":[{"href":"https:\/\/www.lodgeshl.com\/ru\/wp-json\/wp\/v2\/media?parent=2197"}],"curies":[{"name":"wp","href":"https:\/\/api.w.org\/{rel}","templated":true}]}}